{"id":105,"date":"2017-07-27T15:18:20","date_gmt":"2017-07-27T15:18:20","guid":{"rendered":"http:\/\/innolog.eitrawmaterials.eu\/?page_id=105"},"modified":"2023-11-27T16:49:40","modified_gmt":"2023-11-27T15:49:40","slug":"partners","status":"publish","type":"page","link":"https:\/\/brineris.geo3bcn.csic.es\/index.php\/partners\/","title":{"rendered":"Partners"},"content":{"rendered":"<div id=\"pl-105\"  class=\"panel-layout\" ><div id=\"pg-105-0\"  class=\"panel-grid panel-no-style\" ><div id=\"pgc-105-0-0\"  class=\"panel-grid-cell panel-grid-cell-empty panel-grid-cell-mobile-last\" ><\/div><div id=\"pgc-105-0-1\"  class=\"panel-grid-cell panel-grid-cell-empty\" ><\/div><\/div><div id=\"pg-105-1\"  class=\"panel-grid panel-no-style\" ><div id=\"pgc-105-1-0\"  class=\"panel-grid-cell panel-grid-cell-empty panel-grid-cell-mobile-last\" ><\/div><div id=\"pgc-105-1-1\"  class=\"panel-grid-cell panel-grid-cell-empty\" ><\/div><\/div><div id=\"pg-105-2\"  class=\"panel-grid panel-no-style\" ><div id=\"pgc-105-2-0\"  class=\"panel-grid-cell panel-grid-cell-empty panel-grid-cell-mobile-last\" ><\/div><div id=\"pgc-105-2-1\"  class=\"panel-grid-cell panel-grid-cell-empty\" ><\/div><\/div><div id=\"pg-105-3\"  class=\"panel-grid panel-no-style\" ><div id=\"pgc-105-3-0\"  class=\"panel-grid-cell panel-grid-cell-empty panel-grid-cell-mobile-last\" ><\/div><div id=\"pgc-105-3-1\"  class=\"panel-grid-cell panel-grid-cell-empty\" ><\/div><\/div><div id=\"pg-105-4\"  class=\"panel-grid panel-no-style\" ><div id=\"pgc-105-4-0\"  class=\"panel-grid-cell panel-grid-cell-empty panel-grid-cell-mobile-last\" ><\/div><div id=\"pgc-105-4-1\"  class=\"panel-grid-cell panel-grid-cell-empty\" ><\/div><\/div><div id=\"pg-105-5\"  class=\"panel-grid panel-no-style\" ><div id=\"pgc-105-5-0\"  class=\"panel-grid-cell panel-grid-cell-empty panel-grid-cell-mobile-last\" ><\/div><div id=\"pgc-105-5-1\"  class=\"panel-grid-cell panel-grid-cell-empty\" ><\/div><\/div><div id=\"pg-105-6\"  class=\"panel-grid panel-no-style\" ><div id=\"pgc-105-6-0\"  class=\"panel-grid-cell panel-grid-cell-empty\" ><\/div><\/div><div id=\"pg-105-7\"  class=\"panel-grid panel-no-style\" ><div id=\"pgc-105-7-0\"  class=\"panel-grid-cell\" ><div id=\"panel-105-7-0-0\" class=\"so-panel widget widget_media_image panel-first-child panel-last-child\" data-index=\"0\" ><a href=\"https:\/\/pwr.edu.pl\/en\/\"><img fetchpriority=\"high\" decoding=\"async\" width=\"486\" height=\"103\" src=\"https:\/\/brineris.geo3bcn.csic.es\/wp-content\/uploads\/2022\/09\/WUST.png\" class=\"image wp-image-1198  attachment-full size-full\" alt=\"\" style=\"max-width: 100%; height: auto;\" srcset=\"https:\/\/brineris.geo3bcn.csic.es\/wp-content\/uploads\/2022\/09\/WUST.png 486w, https:\/\/brineris.geo3bcn.csic.es\/wp-content\/uploads\/2022\/09\/WUST-300x64.png 300w\" sizes=\"(max-width: 486px) 100vw, 486px\" \/><\/a><\/div><\/div><div id=\"pgc-105-7-1\"  class=\"panel-grid-cell\" ><div id=\"panel-105-7-1-0\" class=\"widget_text so-panel widget widget_custom_html panel-first-child panel-last-child\" data-index=\"1\" ><h3 class=\"widget-title\">Politechnika Wroclawska (Wroclaw University of Science and Technology, WUST)<\/h3><div class=\"textwidget custom-html-widget\"><div class=\"textwidget\">\n\n\n<ul>\n \t<li>Poland<\/li>\n \t<li><a href=\"https:\/\/pwr.edu.pl\/en\/\">Website<\/a><\/li>\n<\/ul>\n<\/div><\/div><\/div><\/div><\/div><div id=\"pg-105-8\"  class=\"panel-grid panel-no-style\" ><div id=\"pgc-105-8-0\"  class=\"panel-grid-cell\" ><div id=\"panel-105-8-0-0\" class=\"so-panel widget widget_media_image panel-first-child panel-last-child\" data-index=\"2\" ><a href=\"https:\/\/www.csic.es\/es\" rel=\"httpwwwictjacsices\" target=\"_blank\"><img decoding=\"async\" width=\"600\" height=\"390\" src=\"https:\/\/brineris.geo3bcn.csic.es\/wp-content\/uploads\/2022\/09\/CSIC.jpg\" class=\"image wp-image-1187  attachment-full size-full\" alt=\"\" style=\"max-width: 100%; height: auto;\" srcset=\"https:\/\/brineris.geo3bcn.csic.es\/wp-content\/uploads\/2022\/09\/CSIC.jpg 600w, https:\/\/brineris.geo3bcn.csic.es\/wp-content\/uploads\/2022\/09\/CSIC-300x195.jpg 300w\" sizes=\"(max-width: 600px) 100vw, 600px\" \/><\/a><\/div><\/div><div id=\"pgc-105-8-1\"  class=\"panel-grid-cell\" ><div id=\"panel-105-8-1-0\" class=\"widget_text so-panel widget widget_custom_html panel-first-child panel-last-child\" data-index=\"3\" ><h3 class=\"widget-title\">Consejo Superior de Investigaciones Cient\u00edficas, CSIC (Spanish National Research Council)<\/h3><div class=\"textwidget custom-html-widget\"><div class=\"textwidget\">\n\n<ul>\n \t<li>Spain<\/li>\n \t<li><a href=\"http:\/\/www.csic.es\/\">Website<\/a><\/li>\n<\/ul>\n<\/div><\/div><\/div><\/div><\/div><div id=\"pg-105-9\"  class=\"panel-grid panel-no-style\" ><div id=\"pgc-105-9-0\"  class=\"panel-grid-cell\" ><div id=\"panel-105-9-0-0\" class=\"so-panel widget widget_media_image panel-first-child panel-last-child\" data-index=\"4\" ><a href=\"https:\/\/www.gtk.fi\/en\/\"><img decoding=\"async\" width=\"784\" height=\"238\" src=\"https:\/\/brineris.geo3bcn.csic.es\/wp-content\/uploads\/2022\/09\/GTK.png\" class=\"image wp-image-1191  attachment-full size-full\" alt=\"\" style=\"max-width: 100%; height: auto;\" srcset=\"https:\/\/brineris.geo3bcn.csic.es\/wp-content\/uploads\/2022\/09\/GTK.png 784w, https:\/\/brineris.geo3bcn.csic.es\/wp-content\/uploads\/2022\/09\/GTK-300x91.png 300w, https:\/\/brineris.geo3bcn.csic.es\/wp-content\/uploads\/2022\/09\/GTK-768x233.png 768w\" sizes=\"(max-width: 784px) 100vw, 784px\" \/><\/a><\/div><\/div><div id=\"pgc-105-9-1\"  class=\"panel-grid-cell\" ><div id=\"panel-105-9-1-0\" class=\"widget_text so-panel widget widget_custom_html panel-first-child panel-last-child\" data-index=\"5\" ><h3 class=\"widget-title\">Geologian tutkimuskeskus, GTK (Geological Survey of Finland)<\/h3><div class=\"textwidget custom-html-widget\"><div class=\"textwidget\">\n\n\n<ul>\n \t<li>Finland<\/li>\n \t<li><a href=\"https:\/\/www.gtk.fi\/en\/\">Website<\/a><\/li>\n<\/ul>\n<\/div><\/div><\/div><\/div><\/div><div id=\"pg-105-10\"  class=\"panel-grid panel-no-style\" ><div id=\"pgc-105-10-0\"  class=\"panel-grid-cell\" ><div id=\"panel-105-10-0-0\" class=\"so-panel widget widget_media_image panel-first-child panel-last-child\" data-index=\"6\" ><a href=\"https:\/\/tu-freiberg.de\/\"><img loading=\"lazy\" decoding=\"async\" width=\"1200\" height=\"334\" src=\"https:\/\/brineris.geo3bcn.csic.es\/wp-content\/uploads\/2023\/01\/Logo-faltante.png\" class=\"image wp-image-1444  attachment-full size-full\" alt=\"\" style=\"max-width: 100%; height: auto;\" srcset=\"https:\/\/brineris.geo3bcn.csic.es\/wp-content\/uploads\/2023\/01\/Logo-faltante.png 1200w, https:\/\/brineris.geo3bcn.csic.es\/wp-content\/uploads\/2023\/01\/Logo-faltante-300x84.png 300w, https:\/\/brineris.geo3bcn.csic.es\/wp-content\/uploads\/2023\/01\/Logo-faltante-1024x285.png 1024w, https:\/\/brineris.geo3bcn.csic.es\/wp-content\/uploads\/2023\/01\/Logo-faltante-768x214.png 768w\" sizes=\"(max-width: 1200px) 100vw, 1200px\" \/><\/a><\/div><\/div><div id=\"pgc-105-10-1\"  class=\"panel-grid-cell\" ><div id=\"panel-105-10-1-0\" class=\"widget_text so-panel widget widget_custom_html panel-first-child panel-last-child\" data-index=\"7\" ><h3 class=\"widget-title\">Technische Universitat Bergakademie Freiberg<\/h3><div class=\"textwidget custom-html-widget\"><div class=\"textwidget\">\n\n<ul>\n \t<li>Germany<\/li>\n \t<li><a href=\"https:\/\/tu-freiberg.de\/\">Website<\/a><\/li>\n<\/ul>\n<\/div><\/div><\/div><\/div><\/div><div id=\"pg-105-11\"  class=\"panel-grid panel-no-style\" ><div id=\"pgc-105-11-0\"  class=\"panel-grid-cell\" ><div id=\"panel-105-11-0-0\" class=\"so-panel widget widget_media_image panel-first-child panel-last-child\" data-index=\"8\" ><a href=\"https:\/\/www.uni-miskolc.hu\/\"><img loading=\"lazy\" decoding=\"async\" width=\"650\" height=\"325\" src=\"https:\/\/brineris.geo3bcn.csic.es\/wp-content\/uploads\/2022\/09\/miskolci_egyetem.png\" class=\"image wp-image-1192  attachment-full size-full\" alt=\"\" style=\"max-width: 100%; height: auto;\" srcset=\"https:\/\/brineris.geo3bcn.csic.es\/wp-content\/uploads\/2022\/09\/miskolci_egyetem.png 650w, https:\/\/brineris.geo3bcn.csic.es\/wp-content\/uploads\/2022\/09\/miskolci_egyetem-300x150.png 300w\" sizes=\"(max-width: 650px) 100vw, 650px\" \/><\/a><\/div><\/div><div id=\"pgc-105-11-1\"  class=\"panel-grid-cell\" ><div id=\"panel-105-11-1-0\" class=\"widget_text so-panel widget widget_custom_html panel-first-child panel-last-child\" data-index=\"9\" ><h3 class=\"widget-title\">University of Miskolc<\/h3><div class=\"textwidget custom-html-widget\"><div class=\"textwidget\">\n\n<ul>\n \t<li>Hungary<\/li>\n \t<li><a href=\"https:\/\/www.uni-miskolc.hu\/\">Website<\/a><\/li>\n<\/ul>\n<\/div><\/div><\/div><\/div><\/div><div id=\"pg-105-12\"  class=\"panel-grid panel-no-style\" ><div id=\"pgc-105-12-0\"  class=\"panel-grid-cell\" ><div id=\"panel-105-12-0-0\" class=\"so-panel widget widget_media_image panel-first-child panel-last-child\" data-index=\"10\" ><a href=\"https:\/\/www.ugent.be\/en\" rel=\"httpwwwictjacsices\" target=\"_blank\"><img loading=\"lazy\" decoding=\"async\" width=\"367\" height=\"137\" src=\"https:\/\/brineris.geo3bcn.csic.es\/wp-content\/uploads\/2023\/01\/Go-Abroad-Ghent_University_logo_English.png\" class=\"image wp-image-1463  attachment-full size-full\" alt=\"\" style=\"max-width: 100%; height: auto;\" srcset=\"https:\/\/brineris.geo3bcn.csic.es\/wp-content\/uploads\/2023\/01\/Go-Abroad-Ghent_University_logo_English.png 367w, https:\/\/brineris.geo3bcn.csic.es\/wp-content\/uploads\/2023\/01\/Go-Abroad-Ghent_University_logo_English-300x112.png 300w\" sizes=\"(max-width: 367px) 100vw, 367px\" \/><\/a><\/div><\/div><div id=\"pgc-105-12-1\"  class=\"panel-grid-cell\" ><div id=\"panel-105-12-1-0\" class=\"widget_text so-panel widget widget_custom_html panel-first-child panel-last-child\" data-index=\"11\" ><h3 class=\"widget-title\">Ghent University<\/h3><div class=\"textwidget custom-html-widget\"><div class=\"textwidget\">\n<ul>\n \t<li>Belgium<\/li>\n \t<li><a href=\"https:\/\/www.ugent.be\/en\">Website<\/a><\/li>\n<\/ul>\n<\/div><\/div><\/div><\/div><\/div><div id=\"pg-105-13\"  class=\"panel-grid panel-no-style\" ><div id=\"pgc-105-13-0\"  class=\"panel-grid-cell\" ><div id=\"panel-105-13-0-0\" class=\"so-panel widget widget_media_image panel-first-child panel-last-child\" data-index=\"12\" ><a href=\"http:\/\/redstone-exploration.com\/\"><img loading=\"lazy\" decoding=\"async\" width=\"562\" height=\"137\" src=\"https:\/\/brineris.geo3bcn.csic.es\/wp-content\/uploads\/2022\/09\/Redstone.png\" class=\"image wp-image-1194  attachment-full size-full\" alt=\"\" style=\"max-width: 100%; height: auto;\" srcset=\"https:\/\/brineris.geo3bcn.csic.es\/wp-content\/uploads\/2022\/09\/Redstone.png 562w, https:\/\/brineris.geo3bcn.csic.es\/wp-content\/uploads\/2022\/09\/Redstone-300x73.png 300w\" sizes=\"(max-width: 562px) 100vw, 562px\" \/><\/a><\/div><\/div><div id=\"pgc-105-13-1\"  class=\"panel-grid-cell\" ><div id=\"panel-105-13-1-0\" class=\"widget_text so-panel widget widget_custom_html panel-first-child panel-last-child\" data-index=\"13\" ><h3 class=\"widget-title\">Redstone Exploration Services<\/h3><div class=\"textwidget custom-html-widget\"><div class=\"textwidget\">\n\n<ul>\n \t<li>Poland<\/li>\n \t<li><a href=\"http:\/\/redstone-exploration.com\/\">Website<\/a><\/li>\n<\/ul>\n<\/div><\/div><\/div><\/div><\/div><div id=\"pg-105-14\"  class=\"panel-grid panel-no-style\" ><div id=\"pgc-105-14-0\"  class=\"panel-grid-cell\" ><div id=\"panel-105-14-0-0\" class=\"so-panel widget widget_media_image panel-first-child panel-last-child\" data-index=\"14\" ><a href=\"https:\/\/lithium-institute.eu\/\" rel=\"httpwwwictjacsices\" target=\"_blank\"><img loading=\"lazy\" decoding=\"async\" width=\"1200\" height=\"630\" src=\"https:\/\/brineris.geo3bcn.csic.es\/wp-content\/uploads\/2023\/01\/European-lithium-institute.jpg\" class=\"image wp-image-1445  attachment-full size-full\" alt=\"\" style=\"max-width: 100%; height: auto;\" srcset=\"https:\/\/brineris.geo3bcn.csic.es\/wp-content\/uploads\/2023\/01\/European-lithium-institute.jpg 1200w, https:\/\/brineris.geo3bcn.csic.es\/wp-content\/uploads\/2023\/01\/European-lithium-institute-300x158.jpg 300w, https:\/\/brineris.geo3bcn.csic.es\/wp-content\/uploads\/2023\/01\/European-lithium-institute-1024x538.jpg 1024w, https:\/\/brineris.geo3bcn.csic.es\/wp-content\/uploads\/2023\/01\/European-lithium-institute-768x403.jpg 768w\" sizes=\"(max-width: 1200px) 100vw, 1200px\" \/><\/a><\/div><\/div><div id=\"pgc-105-14-1\"  class=\"panel-grid-cell\" ><div id=\"panel-105-14-1-0\" class=\"widget_text so-panel widget widget_custom_html panel-first-child panel-last-child\" data-index=\"15\" ><h3 class=\"widget-title\">European Lithium Institute (eLi)<\/h3><div class=\"textwidget custom-html-widget\"><div class=\"textwidget\">\n\n<ul>\n \t<li>Belgium<\/li>\n \t<li><a href=\"https:\/\/lithium-institute.eu\/\">Website<\/a><\/li>\n<\/ul>\n<\/div><\/div><\/div><\/div><\/div><div id=\"pg-105-15\"  class=\"panel-grid panel-no-style\" ><div id=\"pgc-105-15-0\"  class=\"panel-grid-cell\" ><div id=\"panel-105-15-0-0\" class=\"so-panel widget widget_media_image panel-first-child panel-last-child\" data-index=\"16\" ><a href=\"https:\/\/www.rotaqua.com\/\"><img loading=\"lazy\" decoding=\"async\" width=\"224\" height=\"93\" src=\"https:\/\/brineris.geo3bcn.csic.es\/wp-content\/uploads\/2022\/09\/logo.png\" class=\"image wp-image-1226  attachment-full size-full\" alt=\"\" style=\"max-width: 100%; height: auto;\" \/><\/a><\/div><\/div><div id=\"pgc-105-15-1\"  class=\"panel-grid-cell\" ><div id=\"panel-105-15-1-0\" class=\"widget_text so-panel widget widget_custom_html panel-first-child panel-last-child\" data-index=\"17\" ><h3 class=\"widget-title\">Rotaqua<\/h3><div class=\"textwidget custom-html-widget\"><div class=\"textwidget\">\n\n\n<ul>\n \t<li>Hungary<\/li>\n \t<li><a href=\"https:\/\/www.rotaqua.com\/en\/index.html\">Website<\/a><\/li>\n<\/ul>\n<\/div><\/div><\/div><\/div><\/div><div id=\"pg-105-16\"  class=\"panel-grid panel-no-style\" ><div id=\"pgc-105-16-0\"  class=\"panel-grid-cell\" ><div id=\"panel-105-16-0-0\" class=\"so-panel widget widget_media_image panel-first-child panel-last-child\" data-index=\"18\" ><a href=\"http:\/\/www.geology.cz\/extranet-eng\"><img loading=\"lazy\" decoding=\"async\" width=\"180\" height=\"180\" src=\"https:\/\/brineris.geo3bcn.csic.es\/wp-content\/uploads\/2023\/01\/CGS.jpg\" class=\"image wp-image-1446  attachment-180x180 size-180x180\" alt=\"\" style=\"max-width: 100%; height: auto;\" srcset=\"https:\/\/brineris.geo3bcn.csic.es\/wp-content\/uploads\/2023\/01\/CGS.jpg 300w, https:\/\/brineris.geo3bcn.csic.es\/wp-content\/uploads\/2023\/01\/CGS-150x150.jpg 150w\" sizes=\"(max-width: 180px) 100vw, 180px\" \/><\/a><\/div><\/div><div id=\"pgc-105-16-1\"  class=\"panel-grid-cell\" ><div id=\"panel-105-16-1-0\" class=\"widget_text so-panel widget widget_custom_html panel-first-child panel-last-child\" data-index=\"19\" ><h3 class=\"widget-title\">Czech Geological Survey<\/h3><div class=\"textwidget custom-html-widget\"><div class=\"textwidget\">\n\n<ul>\n \t<li>Czech Republic<\/li>\n \t<li><a href=\"http:\/\/www.geology.cz\/extranet-eng\">Website<\/a><\/li>\n<\/ul>\n<\/div><\/div><\/div><\/div><\/div><div id=\"pg-105-17\"  class=\"panel-grid panel-no-style\" ><div id=\"pgc-105-17-0\"  class=\"panel-grid-cell\" ><div id=\"panel-105-17-0-0\" class=\"so-panel widget widget_media_image panel-first-child panel-last-child\" data-index=\"20\" ><a href=\"https:\/\/www.pgi.gov.pl\/\"><img loading=\"lazy\" decoding=\"async\" width=\"169\" height=\"163\" src=\"https:\/\/brineris.geo3bcn.csic.es\/wp-content\/uploads\/2023\/01\/PGI-resized.png\" class=\"image wp-image-1452  attachment-full size-full\" alt=\"\" style=\"max-width: 100%; height: auto;\" \/><\/a><\/div><\/div><div id=\"pgc-105-17-1\"  class=\"panel-grid-cell\" ><div id=\"panel-105-17-1-0\" class=\"widget_text so-panel widget widget_custom_html panel-first-child panel-last-child\" data-index=\"21\" ><h3 class=\"widget-title\">Panstwowy Instytut Geologiczny (Polish Geological Institute)<\/h3><div class=\"textwidget custom-html-widget\"><div class=\"textwidget\">\n\n<ul>\n \t<li>Poland<\/li>\n \t<li><a href=\"https:\/\/www.pgi.gov.pl\/\">Website<\/a><\/li>\n<\/ul>\n<\/div><\/div><\/div><\/div><\/div><div id=\"pg-105-18\"  class=\"panel-grid panel-no-style\" ><div id=\"pgc-105-18-0\"  class=\"panel-grid-cell\" ><div id=\"panel-105-18-0-0\" class=\"so-panel widget widget_media_image panel-first-child panel-last-child\" data-index=\"22\" ><a href=\"https:\/\/www.geology.sk\/about-us\/history\/?lang=en\"><img loading=\"lazy\" decoding=\"async\" width=\"268\" height=\"80\" src=\"https:\/\/brineris.geo3bcn.csic.es\/wp-content\/uploads\/2022\/09\/state_geological_institute_of_dionyz_stur.png\" class=\"image wp-image-1196  attachment-full size-full\" alt=\"\" style=\"max-width: 100%; height: auto;\" \/><\/a><\/div><\/div><div id=\"pgc-105-18-1\"  class=\"panel-grid-cell\" ><div id=\"panel-105-18-1-0\" class=\"widget_text so-panel widget widget_custom_html panel-first-child panel-last-child\" data-index=\"23\" ><h3 class=\"widget-title\">State geological institute of Dion\u00fdz \u0160t\u00far<\/h3><div class=\"textwidget custom-html-widget\"><div class=\"textwidget\">\n\n<ul>\n \t<li>Hungary<\/li>\n \t<li><a href=\"https:\/\/www.geology.sk\/about-us\/history\/?lang=en\">Website<\/a><\/li>\n<\/ul>\n<\/div><\/div><\/div><\/div><\/div><div id=\"pg-105-19\"  class=\"panel-grid panel-no-style\" ><div id=\"pgc-105-19-0\"  class=\"panel-grid-cell\" ><div id=\"panel-105-19-0-0\" class=\"so-panel widget widget_media_image panel-first-child panel-last-child\" data-index=\"24\" ><a href=\"https:\/\/www.geology.sk\/about-us\/history\/?lang=en\"><img loading=\"lazy\" decoding=\"async\" width=\"1391\" height=\"400\" src=\"https:\/\/brineris.geo3bcn.csic.es\/wp-content\/uploads\/2023\/11\/LNEG_VS_Poli_mais_especificacao_CMYK_300dpi.jpg\" class=\"image wp-image-2116  attachment-full size-full\" alt=\"\" style=\"max-width: 100%; height: auto;\" srcset=\"https:\/\/brineris.geo3bcn.csic.es\/wp-content\/uploads\/2023\/11\/LNEG_VS_Poli_mais_especificacao_CMYK_300dpi.jpg 1391w, https:\/\/brineris.geo3bcn.csic.es\/wp-content\/uploads\/2023\/11\/LNEG_VS_Poli_mais_especificacao_CMYK_300dpi-300x86.jpg 300w, https:\/\/brineris.geo3bcn.csic.es\/wp-content\/uploads\/2023\/11\/LNEG_VS_Poli_mais_especificacao_CMYK_300dpi-1024x294.jpg 1024w, https:\/\/brineris.geo3bcn.csic.es\/wp-content\/uploads\/2023\/11\/LNEG_VS_Poli_mais_especificacao_CMYK_300dpi-768x221.jpg 768w\" sizes=\"(max-width: 1391px) 100vw, 1391px\" \/><\/a><\/div><\/div><div id=\"pgc-105-19-1\"  class=\"panel-grid-cell\" ><div id=\"panel-105-19-1-0\" class=\"widget_text so-panel widget widget_custom_html panel-first-child panel-last-child\" data-index=\"25\" ><h3 class=\"widget-title\">Project Collaborator &#8211; Laborat\u00f3rio Nacional de Energia e Geologia (LNEG)<\/h3><div class=\"textwidget custom-html-widget\"><div class=\"textwidget\">\n\n<ul>\n \t<li>Portugal<\/li>\n \t<li><a href=\"https:\/\/www.lneg.pt\/\">Website<\/a><\/li>\n<\/ul>\n<\/div><\/div><\/div><\/div><\/div><div id=\"pg-105-20\"  class=\"panel-grid panel-has-style\" ><div class=\"panel-row-style panel-row-style-for-105-20\" ><div id=\"pgc-105-20-0\"  class=\"panel-grid-cell panel-grid-cell-empty panel-grid-cell-mobile-last\" ><\/div><div id=\"pgc-105-20-1\"  class=\"panel-grid-cell panel-grid-cell-empty\" ><\/div><\/div><\/div><div id=\"pg-105-21\"  class=\"panel-grid panel-no-style\" ><div id=\"pgc-105-21-0\"  class=\"panel-grid-cell panel-grid-cell-empty\" ><\/div><\/div><div id=\"pg-105-22\"  class=\"panel-grid panel-no-style\" ><div id=\"pgc-105-22-0\"  class=\"panel-grid-cell panel-grid-cell-empty panel-grid-cell-mobile-last\" ><\/div><div id=\"pgc-105-22-1\"  class=\"panel-grid-cell panel-grid-cell-empty\" ><\/div><\/div><div id=\"pg-105-23\"  class=\"panel-grid panel-no-style\" ><div id=\"pgc-105-23-0\"  class=\"panel-grid-cell panel-grid-cell-empty panel-grid-cell-mobile-last\" ><\/div><div id=\"pgc-105-23-1\"  class=\"panel-grid-cell panel-grid-cell-empty\" ><\/div><\/div><\/div>","protected":false},"excerpt":{"rendered":"<p>Politechnika Wroclawska (Wroclaw University of Science and Technology, WUST) Poland Website Consejo Superior de Investigaciones Cient\u00edficas, CSIC (Spanish National Research Council) Spain Website Geologian tutkimuskeskus, GTK (Geological Survey of Finland) Finland Website Technische Universitat Bergakademie Freiberg Germany Website University of Miskolc Hungary Website Ghent University Belgium Website Redstone Exploration Services Poland Website European Lithium Institute&hellip;&nbsp;<a href=\"https:\/\/brineris.geo3bcn.csic.es\/index.php\/partners\/\" class=\"\" rel=\"bookmark\">Read More &raquo;<span class=\"screen-reader-text\">Partners<\/span><\/a><\/p>\n","protected":false},"author":4,"featured_media":0,"parent":0,"menu_order":0,"comment_status":"closed","ping_status":"closed","template":"","meta":{"neve_meta_sidebar":"","neve_meta_container":"","neve_meta_enable_content_width":"off","neve_meta_content_width":100,"neve_meta_title_alignment":"","neve_meta_author_avatar":"","neve_post_elements_order":"","neve_meta_disable_header":"","neve_meta_disable_footer":"","neve_meta_disable_title":"on","footnotes":""},"class_list":["post-105","page","type-page","status-publish","hentry"],"_links":{"self":[{"href":"https:\/\/brineris.geo3bcn.csic.es\/index.php\/wp-json\/wp\/v2\/pages\/105","targetHints":{"allow":["GET"]}}],"collection":[{"href":"https:\/\/brineris.geo3bcn.csic.es\/index.php\/wp-json\/wp\/v2\/pages"}],"about":[{"href":"https:\/\/brineris.geo3bcn.csic.es\/index.php\/wp-json\/wp\/v2\/types\/page"}],"author":[{"embeddable":true,"href":"https:\/\/brineris.geo3bcn.csic.es\/index.php\/wp-json\/wp\/v2\/users\/4"}],"replies":[{"embeddable":true,"href":"https:\/\/brineris.geo3bcn.csic.es\/index.php\/wp-json\/wp\/v2\/comments?post=105"}],"version-history":[{"count":197,"href":"https:\/\/brineris.geo3bcn.csic.es\/index.php\/wp-json\/wp\/v2\/pages\/105\/revisions"}],"predecessor-version":[{"id":2118,"href":"https:\/\/brineris.geo3bcn.csic.es\/index.php\/wp-json\/wp\/v2\/pages\/105\/revisions\/2118"}],"wp:attachment":[{"href":"https:\/\/brineris.geo3bcn.csic.es\/index.php\/wp-json\/wp\/v2\/media?parent=105"}],"curies":[{"name":"wp","href":"https:\/\/api.w.org\/{rel}","templated":true}]}}